{"id":16,"date":"2018-02-20T16:34:34","date_gmt":"2018-02-20T16:34:34","guid":{"rendered":"https:\/\/wortundwerk.at\/?page_id=16"},"modified":"2018-02-21T13:17:13","modified_gmt":"2018-02-21T13:17:13","slug":"startseite","status":"publish","type":"page","link":"https:\/\/wortundwerk.at\/","title":{"rendered":"Startseite"},"content":{"rendered":"<p><strong>Die Agentur \u201eWort &amp; Werk\u201c bietet alles rund um gute Texte, PR und Events:<\/strong><\/p>\n<ul>\n<li>Texte f\u00fcr Homepages &amp; Unternehmensprofile<\/li>\n<li>Konzepte &amp; Texte f\u00fcr die Presse- und \u00d6ffentlichkeitsarbeit<\/li>\n<li>Konzeption &amp; Redaktion von Foldern, Flyern, Brosch\u00fcren oder Katalogen<\/li>\n<li>Lektorat &amp; Korrektorat<\/li>\n<li>Konzeption &amp; Planung von Events<\/li>\n<\/ul>\n<p>F\u00fcr Gr\u00fcnderinnen und Gr\u00fcnder gibt es besondere Packages zum Start in die Selbst\u00e4ndigkeit. Einfach ein unverbindliches Beratungsgespr\u00e4ch vereinbaren unter: <a href=\"mailto:office@wortundwerk.at\">office@wortundwerk.at<\/a><\/p>\n","protected":false},"excerpt":{"rendered":"<p>Die Agentur \u201eWort &amp; Werk\u201c bietet alles rund um gute Texte, PR und Events: Texte f\u00fcr Homepages &amp; Unternehmensprofile Konzepte &amp; Texte f\u00fcr die Presse- und \u00d6ffentlichkeitsarbeit Konzeption &amp; Redaktion von Foldern, Flyern, Brosch\u00fcren oder Katalogen Lektorat &amp; Korrektorat Konzeption &amp; Planung von Events F\u00fcr Gr\u00fcnderinnen und Gr\u00fcnder gibt es besondere Packages zum Start in &hellip; <\/p>\n<p class=\"link-more\"><a href=\"https:\/\/wortundwerk.at\/\" class=\"more-link\"><span class=\"screen-reader-text\">\u201eStartseite\u201c<\/span> weiterlesen<\/a><\/p>\n","protected":false},"author":1,"featured_media":0,"parent":0,"menu_order":0,"comment_status":"closed","ping_status":"closed","template":"","meta":{"footnotes":""},"_links":{"self":[{"href":"https:\/\/wortundwerk.at\/index.php?rest_route=\/wp\/v2\/pages\/16"}],"collection":[{"href":"https:\/\/wortundwerk.at\/index.php?rest_route=\/wp\/v2\/pages"}],"about":[{"href":"https:\/\/wortundwerk.at\/index.php?rest_route=\/wp\/v2\/types\/page"}],"author":[{"embeddable":true,"href":"https:\/\/wortundwerk.at\/index.php?rest_route=\/wp\/v2\/users\/1"}],"replies":[{"embeddable":true,"href":"https:\/\/wortundwerk.at\/index.php?rest_route=%2Fwp%2Fv2%2Fcomments&post=16"}],"version-history":[{"count":8,"href":"https:\/\/wortundwerk.at\/index.php?rest_route=\/wp\/v2\/pages\/16\/revisions"}],"predecessor-version":[{"id":58,"href":"https:\/\/wortundwerk.at\/index.php?rest_route=\/wp\/v2\/pages\/16\/revisions\/58"}],"wp:attachment":[{"href":"https:\/\/wortundwerk.at\/index.php?rest_route=%2Fwp%2Fv2%2Fmedia&parent=16"}],"curies":[{"name":"wp","href":"https:\/\/api.w.org\/{rel}","templated":true}]}}