{"id":52,"date":"2018-02-21T10:59:15","date_gmt":"2018-02-21T10:59:15","guid":{"rendered":"https:\/\/wortundwerk.at\/?page_id=52"},"modified":"2022-04-07T11:35:12","modified_gmt":"2022-04-07T11:35:12","slug":"referenzen","status":"publish","type":"page","link":"https:\/\/wortundwerk.at\/?page_id=52","title":{"rendered":"Referenzen"},"content":{"rendered":"<p><a href=\"https:\/\/wirtschaftsagentur.at\/erfolgsgeschichten\/erdbeerwoche\/\">https:\/\/wirtschaftsagentur.at\/erfolgsgeschichten\/erdbeerwoche\/<\/a><\/p>\n<p><a href=\"https:\/\/wirtschaftsagentur.at\/erfolgsgeschichten\/elfenkleid\/\">https:\/\/wirtschaftsagentur.at\/erfolgsgeschichten\/elfenkleid\/<\/a><\/p>\n<p><a href=\"https:\/\/wirtschaftsagentur.at\/erfolgsgeschichten\/evva\/\">https:\/\/wirtschaftsagentur.at\/erfolgsgeschichten\/evva\/<\/a><\/p>\n\n\n<p><a href=\"http:\/\/www.gruenerfaden.at\/\">Ingenieurb\u00fcro f\u00fcr Eisenbahnbau und Infrastrukturtechnik &#8211; Ingenieurb\u00fcro Georg Vesely (gruenerfaden.at)<\/a><a href=\"http:\/\/www.gruenerfaden.at\/\" data-type=\"URL\" data-id=\"http:\/\/www.gruenerfaden.at\/\">http:\/\/www.gruenerfaden.at\/<\/a><\/p>\n\n\n\n<p><a href=\"https:\/\/topfunddeckel.com\/\">Topf &amp; Deckel &#8211; Hochzeitsfotografie Wien (topfunddeckel.com)<\/a><\/p>\n","protected":false},"excerpt":{"rendered":"<p>https:\/\/wirtschaftsagentur.at\/erfolgsgeschichten\/erdbeerwoche\/ https:\/\/wirtschaftsagentur.at\/erfolgsgeschichten\/elfenkleid\/ https:\/\/wirtschaftsagentur.at\/erfolgsgeschichten\/evva\/ Ingenieurb\u00fcro f\u00fcr Eisenbahnbau und Infrastrukturtechnik &#8211; Ingenieurb\u00fcro Georg Vesely (gruenerfaden.at)http:\/\/www.gruenerfaden.at\/ Topf &amp; Deckel &#8211; Hochzeitsfotografie Wien (topfunddeckel.com)<\/p>\n","protected":false},"author":1,"featured_media":0,"parent":0,"menu_order":0,"comment_status":"closed","ping_status":"closed","template":"","meta":{"footnotes":""},"_links":{"self":[{"href":"https:\/\/wortundwerk.at\/index.php?rest_route=\/wp\/v2\/pages\/52"}],"collection":[{"href":"https:\/\/wortundwerk.at\/index.php?rest_route=\/wp\/v2\/pages"}],"about":[{"href":"https:\/\/wortundwerk.at\/index.php?rest_route=\/wp\/v2\/types\/page"}],"author":[{"embeddable":true,"href":"https:\/\/wortundwerk.at\/index.php?rest_route=\/wp\/v2\/users\/1"}],"replies":[{"embeddable":true,"href":"https:\/\/wortundwerk.at\/index.php?rest_route=%2Fwp%2Fv2%2Fcomments&post=52"}],"version-history":[{"count":5,"href":"https:\/\/wortundwerk.at\/index.php?rest_route=\/wp\/v2\/pages\/52\/revisions"}],"predecessor-version":[{"id":62,"href":"https:\/\/wortundwerk.at\/index.php?rest_route=\/wp\/v2\/pages\/52\/revisions\/62"}],"wp:attachment":[{"href":"https:\/\/wortundwerk.at\/index.php?rest_route=%2Fwp%2Fv2%2Fmedia&parent=52"}],"curies":[{"name":"wp","href":"https:\/\/api.w.org\/{rel}","templated":true}]}}